{"id":2431,"date":"2016-09-28T17:55:46","date_gmt":"2016-09-28T15:55:46","guid":{"rendered":"https:\/\/www.torredijano.it\/torredijano\/?page_id=2431"},"modified":"2022-05-27T12:09:49","modified_gmt":"2022-05-27T10:09:49","slug":"ristorante-de","status":"publish","type":"page","link":"https:\/\/www.torredijano.it\/torredijano\/ristorante-de\/","title":{"rendered":"Restaurant"},"content":{"rendered":"<p>[vc_row][vc_column offset=&#8221;vc_hidden-sm vc_hidden-xs&#8221;][vc_single_image image=&#8221;3124&#8243; img_size=&#8221;full&#8221; alignment=&#8221;center&#8221;][\/vc_column][\/vc_row][vc_row el_class=&#8221;margin-bottom-100 margin-top-10 no-padding-vc no-margin-vc&#8221;][vc_column width=&#8221;1\/4&#8243; css=&#8221;.vc_custom_1464731281468{margin-top: 0px !important;margin-right: 0px !important;margin-bottom: 0px !important;margin-left: 0px !important;border-top-width: 0px !important;border-right-width: 0px !important;border-bottom-width: 0px !important;border-left-width: 0px !important;padding-top: 0px !important;padding-right: 0px !important;padding-bottom: 0px !important;padding-left: 0px !important;background-position: center !important;background-repeat: no-repeat !important;background-size: cover !important;}&#8221;][vc_wp_text]<style>\n.himage\n{\n\t-webkit-transition: opacity .4s ease-in-out 0s;\n\t-moz-transition: opacity .4s ease-in-out 0s;\n\t-o-transition: opacity .4s ease-in-out 0s;\n\ttransition: opacity .4s ease-in-out 0s;\n}\n<\/style><div style=\"position:relative;\"><a href=\"https:\/\/www.torredijano.it\/torredijano\/ospitalita-de\/\"><img src=\"http:\/\/www.torredijano.it\/torredijano\/wp-content\/uploads\/2016\/09\/foto_ospitalita_over_de.jpg\" width=\"100%\" height=\"\" \/><img class=\"himage\" src=\"http:\/\/www.torredijano.it\/torredijano\/wp-content\/uploads\/2015\/08\/foto_ospitalita.jpg\" width=\"100%\" height=\"\" onmouseover=\"this.style.opacity=0;\" onmouseout=\"this.style.opacity=1;\" style=\"position:absolute; top:0; left:0;\" \/><\/a><\/div>[\/vc_wp_text][\/vc_column][vc_column width=&#8221;1\/4&#8243; css=&#8221;.vc_custom_1464731343641{margin-top: 0px !important;margin-right: 0px !important;margin-bottom: 0px !important;margin-left: 0px !important;border-top-width: 0px !important;border-right-width: 0px !important;border-bottom-width: 0px !important;border-left-width: 0px !important;padding-top: 0px !important;padding-right: 0px !important;padding-bottom: 0px !important;padding-left: 0px !important;}&#8221;][vc_wp_text]<style>\n.himage\n{\n\t-webkit-transition: opacity .4s ease-in-out 0s;\n\t-moz-transition: opacity .4s ease-in-out 0s;\n\t-o-transition: opacity .4s ease-in-out 0s;\n\ttransition: opacity .4s ease-in-out 0s;\n}\n<\/style><div style=\"position:relative;\"><img src=\"http:\/\/www.torredijano.it\/torredijano\/wp-content\/uploads\/2016\/09\/foto_ristorante_over_de.jpg\" width=\"100%\" height=\"\" \/><img class=\"himage\" src=\"http:\/\/www.torredijano.it\/torredijano\/wp-content\/uploads\/2016\/09\/foto_ristorante_over_de.jpg\" width=\"100%\" height=\"\" onmouseover=\"this.style.opacity=0;\" onmouseout=\"this.style.opacity=1;\" style=\"position:absolute; top:0; left:0;\" \/><\/div>[\/vc_wp_text][\/vc_column][vc_column width=&#8221;1\/4&#8243; css=&#8221;.vc_custom_1464731407166{margin-top: 0px !important;margin-right: 0px !important;margin-bottom: 0px !important;margin-left: 0px !important;border-top-width: 0px !important;border-right-width: 0px !important;border-bottom-width: 0px !important;border-left-width: 0px !important;padding-top: 0px !important;padding-right: 0px !important;padding-bottom: 0px !important;padding-left: 0px !important;}&#8221;][vc_wp_text]<style>\n.himage\n{\n\t-webkit-transition: opacity .4s ease-in-out 0s;\n\t-moz-transition: opacity .4s ease-in-out 0s;\n\t-o-transition: opacity .4s ease-in-out 0s;\n\ttransition: opacity .4s ease-in-out 0s;\n}\n<\/style><div style=\"position:relative;\"><a href=\"https:\/\/www.torredijano.it\/torredijano\/cerimonie-de\/\"><img src=\"http:\/\/www.torredijano.it\/torredijano\/wp-content\/uploads\/2016\/09\/foto_cerimonie_over_de.jpg\" width=\"100%\" height=\"\" \/><img class=\"himage\" src=\"http:\/\/www.torredijano.it\/torredijano\/wp-content\/uploads\/2015\/08\/foto_cerimonie.jpg\" width=\"100%\" height=\"\" onmouseover=\"this.style.opacity=0;\" onmouseout=\"this.style.opacity=1;\" style=\"position:absolute; top:0; left:0;\" \/><\/a><\/div>[\/vc_wp_text][\/vc_column][vc_column width=&#8221;1\/4&#8243; css=&#8221;.vc_custom_1464731450708{margin-top: 0px !important;margin-right: 0px !important;margin-bottom: 0px !important;margin-left: 0px !important;border-top-width: 0px !important;border-right-width: 0px !important;border-bottom-width: 0px !important;border-left-width: 0px !important;padding-top: 0px !important;padding-right: 0px !important;padding-bottom: 0px !important;padding-left: 0px !important;}&#8221;][vc_wp_text]<style>\n.himage\n{\n\t-webkit-transition: opacity .4s ease-in-out 0s;\n\t-moz-transition: opacity .4s ease-in-out 0s;\n\t-o-transition: opacity .4s ease-in-out 0s;\n\ttransition: opacity .4s ease-in-out 0s;\n}\n<\/style><div style=\"position:relative;\"><a href=\"https:\/\/www.torredijano.it\/torredijano\/servizi-per-le-aziende-de\/\"><img src=\"http:\/\/www.torredijano.it\/torredijano\/wp-content\/uploads\/2016\/09\/foto_servizi_over_de.jpg\" width=\"100%\" height=\"\" \/><img class=\"himage\" src=\"http:\/\/www.torredijano.it\/torredijano\/wp-content\/uploads\/2016\/09\/Servizi-Aziende-Home.jpg\" width=\"100%\" height=\"\" onmouseover=\"this.style.opacity=0;\" onmouseout=\"this.style.opacity=1;\" style=\"position:absolute; top:0; left:0;\" \/><\/a><\/div>[\/vc_wp_text][\/vc_column][\/vc_row][vc_row el_class=&#8221;margin-bottom-80&#8243; css=&#8221;.vc_custom_1464764725871{background-color: #f3f3f3 !important;}&#8221;][vc_column width=&#8221;1\/6&#8243;][vc_empty_space][\/vc_column][vc_column width=&#8221;2\/3&#8243;][vc_row_inner][vc_column_inner width=&#8221;1\/2&#8243;][vc_gallery type=&#8221;flexslider_slide&#8221; interval=&#8221;3&#8243; images=&#8221;2058,2057,2056,2054&#8243; img_size=&#8221;full&#8221;][\/vc_column_inner][vc_column_inner width=&#8221;1\/2&#8243; css=&#8221;.vc_custom_1464765391374{padding-left: 40px !important;}&#8221;][vc_raw_html]JTNDYnIlMkYlM0UlMEElM0NwJTIwc3R5bGUlM0QlMjJ0ZXh0LWFsaWduJTNBanVzdGlmeSUzQiUyMiUzRSUwQURpZSUyMGhlcnZvcnJhZ2VuZGVuJTIwR2VyaWNodGUlMjB1bmQlMjBlaW5lJTIwSyVDMyVCQ2NoZSUyMHZvbiUyMGhvaGVyJTIwUXVhbGl0JUMzJUE0dCUyQyUyMGRpZSUyMGRlbSUyMFJoeXRobXVzJTIwZGVyJTIwSmFocmVzemVpdGVuJTIwZm9sZ3QlMkMlMjBpc3QlMjBzZWl0JTIwbWl0dGxlcndlaWxlJTIwMjAlMjBKYWhyZW4lMjBlaW4lMjBmZXN0ZXIlMjBCZXN0YW5kdGVpbCUyMHZvbiUyMFRvcnJlJTIwZGklMjBKYW5vLiUyMERhbWl0JTIwaXN0JTIwdW5zZXIlMjBIYXVzJTIwbCVDMyVBNG5nc3QlMjB6dSUyMGVpbmVtJTIwZGVyJTIwYmVrYW5udGVzdGVuJTIwZ2FzdHJvbm9taXNjaGVuJTIwWmllbGUlMjBpbiUyMGRlciUyMFVtZ2VidW5nJTIwdm9uJTIwQm9sb2duYSUyMGdld29yZGVuJTJDJTIwZGFzJTIwZiVDMyVCQ3IlMjBFbXBmJUMzJUE0bmdlJTIwdW5kJTIwSnViaWwlQzMlQTR1bXN2ZXJhbnN0YWx0dW5nZW4lMjBzZWhyJTIwYmVsaWVidCUyMGlzdC4lMjBJbiUyMGRlciUyMHNjaCVDMyVCNm5lbiUyMEphaHJlc3plaXQlMjBrYW5uJTIwbWFuJTIwYXVmJTIwZGVyJTIwaGVycmxpY2hlbiUyMHVuZCUyMGJlZWluZHJ1Y2tlbmRlbiUyMFRlcnJhc3NlJTIwc3BlaXNlbi4lMEElM0MlMkZwJTNFJTBBJTNDcCUyMHN0eWxlJTNEJTIydGV4dC1hbGlnbiUzQWp1c3RpZnklM0IlMjIlM0UlMEFOZWJlbiUyMGRlbiUyME1lbiVDMyVCQ3MlMjAlQzMlQTAlMjBsYSUyMENhcnRlJTIwd2VyZGVuJTIwaW1tZXIlMjBhdWNoJTIwRGVndXN0YXRpb25zLU1lbiVDMyVCQ3MlMjB6dSUyMGphaHJlc3plaXRsaWNoZW4lMjBUaGVtZW4lMjBhbmdlYm90ZW4uJTIwRGVyJTIwV2VpbmtlbGxlciUyMGlzdCUyMGd1dCUyMGJlc3QlQzMlQkNja3QlMjB1bmQlMjBiaWV0ZXQlMjBlaW5lJTIwZ3JvJUMzJTlGZSUyMEF1c3dhaGwlMjBhbiUyMFdlaW5lbiUyMHZlcnNjaGllZGVuZXIlMjBBbmJhdWdlYmlldGUlMjBhdXMlMjBnYW56JTIwSXRhbGllbi4lMjBBdWNoJTIwZGllJTIwQXVzd2FobCUyMGFuJTIwR3JhcHBhcyUyMHVuZCUyMGhvY2h3ZXJ0aWdlbiUyMEJyJUMzJUE0bmRlbiUyMGlzdCUyMHN0YXR0bGljaC4lMEElM0MlMkZwJTNF[\/vc_raw_html][\/vc_column_inner][\/vc_row_inner][\/vc_column][vc_column width=&#8221;1\/6&#8243;][vc_empty_space][\/vc_column][\/vc_row][vc_row el_class=&#8221;margin-bottom-80&#8243; css=&#8221;.vc_custom_1465301819766{background-color: #ffffff !important;}&#8221;][vc_column width=&#8221;1\/6&#8243;][vc_empty_space][\/vc_column][vc_column width=&#8221;2\/3&#8243;][vc_tta_accordion style=&#8221;classic&#8221; color=&#8221;white&#8221; c_icon=&#8221;&#8221; active_section=&#8221;199988&#8243; no_fill=&#8221;true&#8221; collapsible_all=&#8221;true&#8221;][vc_tta_section i_icon_wolverine=&#8221;wicon icon-outline-vector-icons-pack-150&#8243; add_icon=&#8221;true&#8221; title=&#8221;INFORMATIONEN UND PREISANGEBOTE ANFORDERN&#8221; tab_id=&#8221;1465300963082-97bc97b2-1cdb&#8221;][vc_raw_html]JTNDcCUyMHN0eWxlJTNEJTIydGV4dC1hbGlnbiUzQWNlbnRlciUzQmZvbnQtc2l6ZSUzQTE2cHglM0Jjb2xvciUzQSUyMzQ2NDM0MiUzQiUyMiUzRSUwQSUzQ3NwYW4lMjBzdHlsZSUzRCUyMmZvbnQtc2l6ZSUzQTM1cHglM0Jjb2xvciUzQSUyMzQ2NDM0MiUzQiUyMiUzRUluZm9ybWF0aW9uZW4lMjB1bmQlMjBQcmVpc2FuZ2Vib3RlJTIwYW5mb3JkZXJuJTNDJTJGc3BhbiUzRSUzQ2JyJTIwJTJGJTNFJTBBQmVudXR6ZW4lMjBTaWUlMjBkaWVzZXMlMjBGb3JtdWxhciUyQyUyMHVtJTIwSW5mb3JtYXRpb25lbiUyMCVDMyVCQ2JlciUyMFRvcnJlJTIwZGklMjBKYW5vJTIwYW56dWZvcmRlcm4lMjBvZGVyJTIwZWluZW4lMjBUaXNjaCUyMHp1JTIwcmVzZXJ2aWVyZW4uJTNDYnIlM0UlMEFEaWUlMjBSZXNlcnZpZXJ1bmclMjBpc3QlMjBlcnN0JTIwZGFubiUyMGclQzMlQkNsdGlnJTJDJTIwd2VubiUyMFNpZSUyMHZvbSUyMFJlc3RhdXJhbnQlMjBwZXIlMjBFLU1haWwlMjBlaW5lJTIwQmVzdCVDMyVBNHRpZ3VuZyUyMGVyaGFsdGVuLiUwQSUzQyUyRnAlM0U=[\/vc_raw_html][vc_empty_space][vc_row_inner][vc_column_inner width=&#8221;1\/2&#8243; css=&#8221;.vc_custom_1464760823738{margin-left: 30px !important;}&#8221;]<div role=\"form\" class=\"wpcf7\" id=\"wpcf7-f2466-o1\" lang=\"it-IT\" dir=\"ltr\">\n<div class=\"screen-reader-response\"><p role=\"status\" aria-live=\"polite\" aria-atomic=\"true\"><\/p> <ul><\/ul><\/div>\n<form action=\"\/torredijano\/wp-json\/wp\/v2\/pages\/2431#wpcf7-f2466-o1\" method=\"post\" class=\"wpcf7-form init\" novalidate=\"novalidate\" data-status=\"init\">\n<div style=\"display: none;\">\n<input type=\"hidden\" name=\"_wpcf7\" value=\"2466\" \/>\n<input type=\"hidden\" name=\"_wpcf7_version\" value=\"5.5.6\" \/>\n<input type=\"hidden\" name=\"_wpcf7_locale\" value=\"it_IT\" \/>\n<input type=\"hidden\" name=\"_wpcf7_unit_tag\" value=\"wpcf7-f2466-o1\" \/>\n<input type=\"hidden\" name=\"_wpcf7_container_post\" value=\"0\" \/>\n<input type=\"hidden\" name=\"_wpcf7_posted_data_hash\" value=\"\" \/>\n<\/div>\n<p>Vorname und Nachname *<br \/>\n    <span class=\"wpcf7-form-control-wrap your-name\"><input type=\"text\" name=\"your-name\" value=\"\" size=\"40\" class=\"wpcf7-form-control wpcf7-text wpcf7-validates-as-required\" aria-required=\"true\" aria-invalid=\"false\" \/><\/span> <\/p>\n<p>Telefon *<br \/>\n    <span class=\"wpcf7-form-control-wrap your-email\"><input type=\"email\" name=\"your-email\" value=\"\" size=\"40\" class=\"wpcf7-form-control wpcf7-text wpcf7-email wpcf7-validates-as-required wpcf7-validates-as-email\" aria-required=\"true\" aria-invalid=\"false\" \/><\/span> <\/p>\n<p>E-Mail *<br \/>\n    <span class=\"wpcf7-form-control-wrap your-email\"><input type=\"email\" name=\"your-email\" value=\"\" size=\"40\" class=\"wpcf7-form-control wpcf7-text wpcf7-email wpcf7-validates-as-required wpcf7-validates-as-email\" aria-required=\"true\" aria-invalid=\"false\" \/><\/span> <\/p>\n<p>Tag und Stunde *<br \/>\n     <span class=\"wpcf7-form-control-wrap date-513\"><input type=\"date\" name=\"date-513\" value=\"\" class=\"wpcf7-form-control wpcf7-date wpcf7-validates-as-required wpcf7-validates-as-date\" aria-required=\"true\" aria-invalid=\"false\" \/><\/span> <span class=\"wpcf7-form-control-wrap text-51\"><input type=\"text\" name=\"text-51\" value=\"\" size=\"10\" class=\"wpcf7-form-control wpcf7-text wpcf7-validates-as-required\" aria-required=\"true\" aria-invalid=\"false\" \/><\/span><\/p>\n<p>Anzahl Personen *<br \/>\n    <span class=\"wpcf7-form-control-wrap your-subject\"><input type=\"text\" name=\"your-subject\" value=\"\" size=\"40\" class=\"wpcf7-form-control wpcf7-text\" aria-invalid=\"false\" \/><\/span> <\/p>\n<p>Mitteilung <br \/>\n    <span class=\"wpcf7-form-control-wrap your-message\"><textarea name=\"your-message\" cols=\"40\" rows=\"10\" class=\"wpcf7-form-control wpcf7-textarea\" aria-invalid=\"false\"><\/textarea><\/span> <\/p>\n<p><span class=\"wpcf7-form-control-wrap acceptance-265\"><span class=\"wpcf7-form-control wpcf7-acceptance\"><span class=\"wpcf7-list-item\"><input type=\"checkbox\" name=\"acceptance-265\" value=\"1\" aria-invalid=\"false\" checked=\"checked\" \/><\/span><\/span><\/span> Datenschutzerkl\u00e4rung<\/p>\n<p><input type=\"submit\" value=\"Senden\" class=\"wpcf7-form-control has-spinner wpcf7-submit\" \/><\/p>\n<div class=\"wpcf7-response-output\" aria-hidden=\"true\"><\/div><\/form><\/div>[\/vc_column_inner][vc_column_inner width=&#8221;1\/2&#8243;][vc_raw_html]JTNDaW1nJTIwc3JjJTNEJTIyaHR0cCUzQSUyRiUyRnd3dy50b3JyZWRpamFuby5pdCUyRnRvcnJlZGlqYW5vJTJGd3AtY29udGVudCUyRnVwbG9hZHMlMkYyMDE2JTJGMDYlMkZmb3JtcmlzdG8ucG5nJTIyJTIwJTJGJTNFJTNDYnIlMjAlMkYlM0UlM0NiciUyMCUyRiUzRSUwQSUzQ3AlMjBzdHlsZSUzRCUyMmZvbnQtc2l6ZSUzQTE0cHglM0IlMjIlM0UlMEFWaWElMjBKYW5vJTJDJTIwMjMlM0NiciUyMCUyRiUzRSUwQTQwMDM3JTIwU2Fzc28lMjBNYXJjb25pJTIwQm9sb2duYSUyMEl0YWx5JTNDYnIlMjAlMkYlM0UlM0NiciUyMCUyRiUzRSUwQVRlbC4lMjBlJTIwRmF4JTIwJTJCMzklMjAwNTElMjA4NDEyMTElM0NiciUyMCUyRiUzRSUwQUNlbGwuJTIwJTJCMzklMjAzMzUlMjA3MDEyNjYzJTNDYnIlMjAlMkYlM0UlMEFFbWFpbCUyMCUzQ2ElMjBocmVmJTNEJTIybWFpbHRvJTNBaW5mbyU0MHRvcnJlZGlqYW5vLml0JTIyJTNFaW5mbyU0MHRvcnJlZGlqYW5vLml0JTNDJTJGYSUzRSUwQSUzQyUyRnAlM0U=[\/vc_raw_html][\/vc_column_inner][\/vc_row_inner][vc_empty_space][\/vc_tta_section][vc_tta_section i_icon_wolverine=&#8221;wicon icon-outline-vector-icons-pack-150&#8243; add_icon=&#8221;true&#8221; title=&#8221;MENU'&#8221; tab_id=&#8221;1465301696513-2e03b6e0-9792&#8243;][vc_single_image image=&#8221;2224&#8243; img_size=&#8221;full&#8221;][\/vc_tta_section][vc_tta_section i_icon_wolverine=&#8221;wicon icon-outline-vector-icons-pack-150&#8243; add_icon=&#8221;true&#8221; title=&#8221;CORSI DI CUCINA&#8221; tab_id=&#8221;1465302832140-0c8a31dd-9808&#8243;][vc_single_image image=&#8221;2262&#8243; img_size=&#8221;full&#8221;][vc_column_text css=&#8221;.vc_custom_1472830050035{margin-left: 40px !important;}&#8221;]<\/p>\n<p style=\"font-size: 16px;\">Lezioni di cucina: imparare a cucinare vivendo momenti unici di condivisione. La cena o il pranzo preparati che diventano un momento di incontro per gustare insieme il piacere della tavola.<br \/>\nI corsi, dedicati di volta in volta ad un tema (una regione, una stagione, una portata, un ingrediente), sono rivolti sia agli appassionati che ai pi\u00f9 esperti.<br \/>\nLezioni di cucina per imparare a cucinare partecipando alla preparazione delle ricette, per scoprire sapori, tradizioni, abbinamenti.<\/p>\n<p style=\"font-size: 16px;\">Organizziamo anche:<br \/>\n<strong>LEZIONI A RICHIESTA PER GRUPPI<\/strong> su argomenti particolari<br \/>\n<strong>LEZIONI A RICHIESTA PER STAFF AZIENDALI<\/strong><br \/>\nL&#8217;eperienza del cucinare come momento di crescita e formazione del gruppo: la cucina diventa un insolito e piacevole ambiente formativo sotto la guida sapiente dello Chef.<br \/>\n<strong>\u201cREGALA UN CORSO\u201d<\/strong>, un\u2019originale sorpresa per occasioni speciali.[\/vc_column_text][vc_single_image image=&#8221;2096&#8243; img_size=&#8221;full&#8221; onclick=&#8221;custom_link&#8221; link=&#8221;#spu-2099&#8243;][vc_single_image image=&#8221;2097&#8243; img_size=&#8221;full&#8221;][\/vc_tta_section][\/vc_tta_accordion][\/vc_column][vc_column width=&#8221;1\/6&#8243;][vc_empty_space][\/vc_column][\/vc_row][vc_row overlay_set=&#8221;show_overlay_color&#8221; overlay_color=&#8221;#333333&#8243; overlay_opacity=&#8221;70&#8243; css=&#8221;.vc_custom_1465664916853{background-image: url(http:\/\/sviluppo.studiumdesign.it\/torredijano\/wp-content\/uploads\/2016\/06\/fndeventi.jpg?id=2116) !important;background-position: center !important;background-repeat: no-repeat !important;background-size: cover !important;}&#8221; el_class=&#8221;margin-bottom-100&#8243;][vc_column][vc_single_image image=&#8221;2471&#8243; img_size=&#8221;full&#8221; alignment=&#8221;center&#8221; onclick=&#8221;custom_link&#8221; link=&#8221;#spu-2469&#8243; css=&#8221;.vc_custom_1475152789412{background-color: #ffffff !important;}&#8221;][\/vc_column][\/vc_row][vc_row overlay_set=&#8221;show_overlay_color&#8221; overlay_color=&#8221;#333333&#8243; overlay_opacity=&#8221;70&#8243; css=&#8221;.vc_custom_1465666232015{padding-top: 50px !important;padding-bottom: 50px !important;background-image: url(http:\/\/sviluppo.studiumdesign.it\/torredijano\/wp-content\/uploads\/2016\/06\/fnd1.jpg?id=2124) !important;background-position: center !important;background-repeat: no-repeat !important;background-size: cover !important;}&#8221;][vc_column][vc_column_text]<\/p>\n<div class=\"opening-hours line-height-1\">\n<div class=\"secondary-font\" style=\"text-transform: uppercase; font-size: 36px;\">GIORNI DI APERTURA<\/div>\n<div class=\"other-font\" style=\"font-size: 20px; font-style: italic; padding-top: 24px;\"><\/div>\n<div class=\"other-font\" style=\"font-size: 20px; font-style: italic; padding-top: 24px;\"><\/div>\n<p><img src=\"http:\/\/sviluppo.studiumdesign.it\/torredijano\/wp-content\/uploads\/2016\/06\/frecce.png\" alt=\"\" \/><\/p>\n<div class=\"time-wrap\">\n<div class=\"col-md-12 col-sm-12\">\n<div class=\"time-left\">\n<div style=\"font-size: 20px;\">SI CONSIGLIA LA PRENOTAZIONE<\/div>\n<div style=\"font-size: 20px;\">335 7012663<\/div>\n<\/div>\n<\/div>\n<\/div>\n<\/div>\n<p>[\/vc_column_text][\/vc_column][\/vc_row][vc_row][vc_column][vc_empty_space][\/vc_column][\/vc_row][vc_row el_class=&#8221;margin-bottom-80&#8243; css=&#8221;.vc_custom_1464764725871{background-color: #f3f3f3 !important;}&#8221;][vc_column width=&#8221;1\/6&#8243;][vc_empty_space][\/vc_column][vc_column width=&#8221;2\/3&#8243;][vc_row_inner][vc_column_inner][vc_gallery type=&#8221;flexslider_slide&#8221; interval=&#8221;3&#8243; images=&#8221;2227,2226,2063,2038,2037&#8243; img_size=&#8221;full&#8221;][\/vc_column_inner][\/vc_row_inner][\/vc_column][vc_column width=&#8221;1\/6&#8243;][vc_empty_space][\/vc_column][\/vc_row][vc_row el_class=&#8221;margin-bottom-80&#8243; css=&#8221;.vc_custom_1465294149816{background-color: #ffffff !important;}&#8221;][vc_column width=&#8221;1\/6&#8243;][vc_empty_space][\/vc_column][vc_column width=&#8221;2\/3&#8243;][vc_row_inner][vc_column_inner width=&#8221;1\/2&#8243;][vc_wp_text]<img src=\"http:\/\/sviluppo.studiumdesign.it\/torredijano\/wp-content\/uploads\/2016\/06\/sensisapori.jpg\" alt=\"\" \/><\/p>\n<p><strong><span style=\"color: #a03021;\">K\u00d6STLICHKEITEN IN DER GESCHENKPACKUNG<\/span><\/strong><\/p>\n<p style=\"text-align: justify; line-height: 16px; font-size: 16px; font-family: baskerville;\"><em>Es ist eine unvergleichliche Emotion, diesen Sch\u00e4tzen von seltener K\u00f6stlichkeit einen besonderen Zweck und geschmackliche Vollendung zu geben. Wir m\u00f6chten deshalb diese Kostbarkeiten von Torre di Jano allen Feinschmeckern anbieten. Raffinesse, Urspr\u00fcnglichkeit und Genuss finden mit traditionellen Rezepten zueinander und pr\u00e4gen diese kostbare Kollektion echter K\u00f6stlichkeiten.<\/em><\/p>\n<h6><em><span style=\"color: #a03021; font-size: 16px; font-family: baskerville;\">Gelatine mit Weintrauben und Thymian<\/span><\/em><br \/>\n<em><span style=\"color: #a03021; font-size: 16px; font-family: baskerville;\">Apfelkonfit\u00fcre mit Rosinen und Pinienkernen<\/span><\/em><br \/>\n<em><span style=\"color: #a03021; font-size: 16px; font-family: baskerville;\">Birnenkonfit\u00fcre mit rosa Pfeffer<\/span><\/em><br \/>\n<em><span style=\"color: #a03021; font-size: 16px; font-family: baskerville;\">K\u00fcrbiskonfit\u00fcre mit Amaretti<\/span><\/em><br \/>\n<em><span style=\"color: #a03021; font-size: 16px; font-family: baskerville;\">Birnenkonfit\u00fcre mit Kakao<\/span><\/em><br \/>\n<em><span style=\"color: #a03021; font-size: 16px; font-family: baskerville;\">Zitronenmarmelade mit Rosmarin<\/span><\/em><\/h6>\n<p style=\"text-align: justify; line-height: 16px; font-size: 16px; font-family: baskerville;\"><em>Ideal als Abschluss des Men\u00fcs, passt besonders gut zu Blauschimmelk\u00e4se und gereiftem K\u00e4se.<br \/>\nDie Verpackung der Fruchtkonfit\u00fcren wurde auch als Geschenkidee f\u00fcr bedeutende Anl\u00e4sse wie Taufe, Kommunion, Firmung und Hochzeit gestaltet.<\/em><\/p>\n<p>[\/vc_wp_text][\/vc_column_inner][vc_column_inner width=&#8221;1\/2&#8243;][vc_single_image image=&#8221;1773&#8243; img_size=&#8221;full&#8221; onclick=&#8221;link_image&#8221;][\/vc_column_inner][\/vc_row_inner][\/vc_column][vc_column width=&#8221;1\/6&#8243;][vc_empty_space][\/vc_column][\/vc_row][vc_row el_class=&#8221;margin-bottom-80&#8243; css=&#8221;.vc_custom_1465294149816{background-color: #ffffff !important;}&#8221;][vc_column width=&#8221;1\/6&#8243;][vc_empty_space][\/vc_column][vc_column width=&#8221;2\/3&#8243;][vc_row_inner][vc_column_inner width=&#8221;1\/2&#8243;][vc_wp_text]<img src=\"http:\/\/sviluppo.studiumdesign.it\/torredijano\/wp-content\/uploads\/2016\/06\/tjj.jpg\" alt=\"\" \/> <img class=\"alignright\" src=\"http:\/\/sviluppo.studiumdesign.it\/torredijano\/wp-content\/uploads\/2016\/06\/tjjjfoto.jpg\" alt=\"\" \/><\/p>\n<p><span style=\"color: #8da524; line-height: 14px;\"><strong>TORRE DI JANO JUNIOR<\/strong><\/span><\/p>\n<p style=\"text-align: justify; line-height: 16px; font-size: 16px; font-family: baskerville;\"><em>Il nuovo marchio Torre di Jano Junior vuole proporre e consigliare una collana di nuove offerte firmate sempre Torre di Jano mirate ad eventi informali ma senza rinunciare alla qualit\u00e0:<\/em><br \/>\n<em>Aperitivi tra amici, buffet per rinfreschi, apericena a domicilio, merende per bambini, aperitivi per occasioni di lavoro, conferenze stampa e presentazioni prodotto.<\/em><br \/>\n<em>I vari men\u00f9 verranno sempre preceduti dai due sottomarchi tjj servizi e tjj junior in modo da indicare le differenti categorie di appartenenza.<\/em><\/p>\n<p>[\/vc_wp_text][\/vc_column_inner][vc_column_inner width=&#8221;1\/2&#8243; css=&#8221;.vc_custom_1464765391374{padding-left: 40px !important;}&#8221;][vc_single_image image=&#8221;1775&#8243; img_size=&#8221;full&#8221; onclick=&#8221;link_image&#8221;][vc_wp_text]L&#8217;invito a cena \u00e8 un&#8217;idea regalo da poter offrire ad amici e parenti.<br \/>\n<a href=\"#spu-2465\"><img loading=\"lazy\" class=\"alignnone\" src=\"http:\/\/www.torredijano.it\/torredijano\/wp-content\/uploads\/2016\/06\/infopre.jpg\" width=\"267\" height=\"18\" \/><\/a><\/p>\n<p>[\/vc_wp_text][\/vc_column_inner][\/vc_row_inner][\/vc_column][vc_column width=&#8221;1\/6&#8243;][vc_empty_space][\/vc_column][\/vc_row]<\/p>\n","protected":false},"excerpt":{"rendered":"<p>[vc_row][vc_column offset=&#8221;vc_hidden-sm vc_hidden-xs&#8221;][vc_single_image image=&#8221;3124&#8243; img_size=&#8221;full&#8221; alignment=&#8221;center&#8221;][\/vc_column][\/vc_row][vc_row el_class=&#8221;margin-bottom-100 margin-top-10 no-padding-vc no-margin-vc&#8221;][vc_column width=&#8221;1\/4&#8243; css=&#8221;.vc_custom_1464731281468{margin-top: 0px !important;margin-right: 0px !important;margin-bottom: 0px !important;margin-left: 0px !important;border-top-width: 0px !important;border-right-width: 0px !important;border-bottom-width: 0px !important;border-left-width: 0px !important;padding-top: 0px !important;padding-right: 0px !important;padding-bottom: 0px !important;padding-left: 0px !important;background-position: center !important;background-repeat: no-repeat !important;background-size: cover !important;}&#8221;][vc_wp_text][\/vc_wp_text][\/vc_column][vc_column width=&#8221;1\/4&#8243; css=&#8221;.vc_custom_1464731343641{margin-top: 0px !important;margin-right: 0px !important;margin-bottom: 0px !important;margin-left: 0px !important;border-top-width: 0px !important;border-right-width: 0px [&hellip;]<\/p>\n","protected":false},"author":1,"featured_media":0,"parent":0,"menu_order":0,"comment_status":"closed","ping_status":"closed","template":"","meta":[],"_links":{"self":[{"href":"https:\/\/www.torredijano.it\/torredijano\/wp-json\/wp\/v2\/pages\/2431"}],"collection":[{"href":"https:\/\/www.torredijano.it\/torredijano\/wp-json\/wp\/v2\/pages"}],"about":[{"href":"https:\/\/www.torredijano.it\/torredijano\/wp-json\/wp\/v2\/types\/page"}],"author":[{"embeddable":true,"href":"https:\/\/www.torredijano.it\/torredijano\/wp-json\/wp\/v2\/users\/1"}],"replies":[{"embeddable":true,"href":"https:\/\/www.torredijano.it\/torredijano\/wp-json\/wp\/v2\/comments?post=2431"}],"version-history":[{"count":12,"href":"https:\/\/www.torredijano.it\/torredijano\/wp-json\/wp\/v2\/pages\/2431\/revisions"}],"predecessor-version":[{"id":3532,"href":"https:\/\/www.torredijano.it\/torredijano\/wp-json\/wp\/v2\/pages\/2431\/revisions\/3532"}],"wp:attachment":[{"href":"https:\/\/www.torredijano.it\/torredijano\/wp-json\/wp\/v2\/media?parent=2431"}],"curies":[{"name":"wp","href":"https:\/\/api.w.org\/{rel}","templated":true}]}}