{"id":2450,"date":"2016-09-28T19:19:38","date_gmt":"2016-09-28T17:19:38","guid":{"rendered":"https:\/\/www.torredijano.it\/torredijano\/?page_id=2450"},"modified":"2022-05-05T17:55:39","modified_gmt":"2022-05-05T15:55:39","slug":"servizi-per-le-aziende-de","status":"publish","type":"page","link":"https:\/\/www.torredijano.it\/torredijano\/servizi-per-le-aziende-de\/","title":{"rendered":"LEISTUNGEN F\u00dcR GESCH\u00c4FTSKUNDEN"},"content":{"rendered":"<p>[vc_row][vc_column][vc_single_image image=&#8221;3124&#8243; img_size=&#8221;full&#8221; alignment=&#8221;center&#8221;][\/vc_column][\/vc_row][vc_row el_class=&#8221;margin-bottom-100 margin-top-10 no-padding-vc no-margin-vc&#8221;][vc_column width=&#8221;1\/4&#8243; css=&#8221;.vc_custom_1464731281468{margin-top: 0px !important;margin-right: 0px !important;margin-bottom: 0px !important;margin-left: 0px !important;border-top-width: 0px !important;border-right-width: 0px !important;border-bottom-width: 0px !important;border-left-width: 0px !important;padding-top: 0px !important;padding-right: 0px !important;padding-bottom: 0px !important;padding-left: 0px !important;background-position: center !important;background-repeat: no-repeat !important;background-size: cover !important;}&#8221;][vc_wp_text]<style>\n.himage\n{\n\t-webkit-transition: opacity .4s ease-in-out 0s;\n\t-moz-transition: opacity .4s ease-in-out 0s;\n\t-o-transition: opacity .4s ease-in-out 0s;\n\ttransition: opacity .4s ease-in-out 0s;\n}\n<\/style><div style=\"position:relative;\"><a href=\"https:\/\/www.torredijano.it\/torredijano\/ospitalita-de\/\"><img src=\"http:\/\/www.torredijano.it\/torredijano\/wp-content\/uploads\/2016\/09\/foto_ospitalita_over_de.jpg\" width=\"100%\" height=\"\" \/><img class=\"himage\" src=\"http:\/\/www.torredijano.it\/torredijano\/wp-content\/uploads\/2015\/08\/foto_ospitalita.jpg\" width=\"100%\" height=\"\" onmouseover=\"this.style.opacity=0;\" onmouseout=\"this.style.opacity=1;\" style=\"position:absolute; top:0; left:0;\" \/><\/a><\/div>[\/vc_wp_text][\/vc_column][vc_column width=&#8221;1\/4&#8243; css=&#8221;.vc_custom_1464731343641{margin-top: 0px !important;margin-right: 0px !important;margin-bottom: 0px !important;margin-left: 0px !important;border-top-width: 0px !important;border-right-width: 0px !important;border-bottom-width: 0px !important;border-left-width: 0px !important;padding-top: 0px !important;padding-right: 0px !important;padding-bottom: 0px !important;padding-left: 0px !important;}&#8221;][vc_wp_text]<style>\n.himage\n{\n\t-webkit-transition: opacity .4s ease-in-out 0s;\n\t-moz-transition: opacity .4s ease-in-out 0s;\n\t-o-transition: opacity .4s ease-in-out 0s;\n\ttransition: opacity .4s ease-in-out 0s;\n}\n<\/style><div style=\"position:relative;\"><a href=\"https:\/\/www.torredijano.it\/torredijano\/ristorante\/\"><img src=\"http:\/\/www.torredijano.it\/torredijano\/wp-content\/uploads\/2016\/09\/foto_ristorante_over_de.jpg\" width=\"100%\" height=\"\" \/><img class=\"himage\" src=\"http:\/\/www.torredijano.it\/torredijano\/wp-content\/uploads\/2016\/09\/Ristorante-Home.jpg\" width=\"100%\" height=\"\" onmouseover=\"this.style.opacity=0;\" onmouseout=\"this.style.opacity=1;\" style=\"position:absolute; top:0; left:0;\" \/><\/a><\/div>[\/vc_wp_text][\/vc_column][vc_column width=&#8221;1\/4&#8243; css=&#8221;.vc_custom_1464731407166{margin-top: 0px !important;margin-right: 0px !important;margin-bottom: 0px !important;margin-left: 0px !important;border-top-width: 0px !important;border-right-width: 0px !important;border-bottom-width: 0px !important;border-left-width: 0px !important;padding-top: 0px !important;padding-right: 0px !important;padding-bottom: 0px !important;padding-left: 0px !important;}&#8221;][vc_wp_text]<style>\n.himage\n{\n\t-webkit-transition: opacity .4s ease-in-out 0s;\n\t-moz-transition: opacity .4s ease-in-out 0s;\n\t-o-transition: opacity .4s ease-in-out 0s;\n\ttransition: opacity .4s ease-in-out 0s;\n}\n<\/style><div style=\"position:relative;\"><a href=\"https:\/\/www.torredijano.it\/torredijano\/cerimonie-de\/\"><img src=\"http:\/\/www.torredijano.it\/torredijano\/wp-content\/uploads\/2016\/09\/foto_cerimonie_over_de.jpg\" width=\"100%\" height=\"\" \/><img class=\"himage\" src=\"http:\/\/www.torredijano.it\/torredijano\/wp-content\/uploads\/2015\/08\/foto_cerimonie.jpg\" width=\"100%\" height=\"\" onmouseover=\"this.style.opacity=0;\" onmouseout=\"this.style.opacity=1;\" style=\"position:absolute; top:0; left:0;\" \/><\/a><\/div>[\/vc_wp_text][\/vc_column][vc_column width=&#8221;1\/4&#8243; css=&#8221;.vc_custom_1464731450708{margin-top: 0px !important;margin-right: 0px !important;margin-bottom: 0px !important;margin-left: 0px !important;border-top-width: 0px !important;border-right-width: 0px !important;border-bottom-width: 0px !important;border-left-width: 0px !important;padding-top: 0px !important;padding-right: 0px !important;padding-bottom: 0px !important;padding-left: 0px !important;}&#8221;][vc_wp_text]<style>\n.himage\n{\n\t-webkit-transition: opacity .4s ease-in-out 0s;\n\t-moz-transition: opacity .4s ease-in-out 0s;\n\t-o-transition: opacity .4s ease-in-out 0s;\n\ttransition: opacity .4s ease-in-out 0s;\n}\n<\/style><div style=\"position:relative;\"><img src=\"http:\/\/www.torredijano.it\/torredijano\/wp-content\/uploads\/2016\/09\/foto_servizi_over_de.jpg\" width=\"100%\" height=\"\" \/><img class=\"himage\" src=\"http:\/\/www.torredijano.it\/torredijano\/wp-content\/uploads\/2016\/09\/foto_servizi_over_de.jpg\" width=\"100%\" height=\"\" onmouseover=\"this.style.opacity=0;\" onmouseout=\"this.style.opacity=1;\" style=\"position:absolute; top:0; left:0;\" \/><\/div>[\/vc_wp_text][\/vc_column][\/vc_row][vc_row el_class=&#8221;margin-bottom-80&#8243; css=&#8221;.vc_custom_1465313696682{background-color: #ffffff !important;}&#8221;][vc_column width=&#8221;1\/6&#8243;][vc_empty_space][\/vc_column][vc_column width=&#8221;2\/3&#8243;][vc_row_inner][vc_column_inner width=&#8221;1\/2&#8243;][vc_wp_text]<\/p>\n<h4><span style=\"color: #ff9700;\">MEHRWERT UND PRESTIGE F\u00dcR IHR UNTERNEHMEN<\/span><br \/>\n<span style=\"color: #4b4441;\">EFFIZIENTE DIENSTLEISTUNGEN F\u00dcR MESSEN UND EVENTS<\/span><\/h4>\n<p>[\/vc_wp_text][vc_single_image image=&#8221;1844&#8243; img_size=&#8221;full&#8221; onclick=&#8221;link_image&#8221;][\/vc_column_inner][vc_column_inner width=&#8221;1\/2&#8243; css=&#8221;.vc_custom_1464765391374{padding-left: 40px !important;}&#8221;][vc_raw_html]JTNDYnIlMkYlM0UlM0NiciUyRiUzRSUwQSUzQ2JyJTJGJTNFJTBBJTNDcCUyMHN0eWxlJTNEJTIydGV4dC1hbGlnbiUzQWp1c3RpZnklM0IlMjIlM0UlMEFNaXQlMjBkaWVzZXIlMjBaaWVsc2V0enVuZyUyMGlzdCUyMFRvcnJlJTIwZGklMjBKYW5vJTIwc2VpdCUyMGRlbiUyMDkwZXIlMjBKYWhyZW4lMjBkZXIlMjBpZGVhbGUlMjBQYXJ0bmVyJTIwbWl0JTIwa29tcGxldHRlbSUyMERpZW5zdGxlaXN0dW5nc2FuZ2Vib3QlMkMlMjB1bSUyMGplZGUlMjBnZXclQzMlQkNuc2NodGUlMjBGb3JtJTIwdm9uJTIwQ2F0ZXJpbmclMjB6dSUyMHBsYW5lbiUyMHVuZCUyMHVtenVzZXR6ZW4uJTBBJTNDJTJGcCUzRSUwQSUzQ3AlMjBzdHlsZSUzRCUyMnRleHQtYWxpZ24lM0FqdXN0aWZ5JTNCJTIyJTNFJTBBSW4lMjBkZW4lMjBsZXR6dGVuJTIwemVobiUyMEphaHJlbiUyMGhhdCUyMGRpZSUyMFdhY2hzdHVtc3N0cmF0ZWdpZSUyMGRlcyUyMFVudGVybmVobWVucyUyMFRvcnJlJTIwZGklMjBKYW5vJTIwJUMzJUJDYmVyJTIwSXRhbGllbiUyMGhpbmF1cyUyMGF1ZiUyMGRpZSUyMGV1cm9wJUMzJUE0aXNjaGVuJTIwTWVzc2UtTSVDMyVBNHJrdGUlMjBnZWYlQzMlQkNocnQuJTIwRGFiZWklMjB3dXJkZSUyMGRpZSUyMFN0cnVrdHVyJTIwZGVzJTIwVW50ZXJuZWhtZW5zJTIwbmV1JTIwYXVmZ2VzdGVsbHQlMjB1bmQlMjB1bSUyMG5ldWUlMjBBdXNyJUMzJUJDc3R1bmclMjB1bmQlMjBzdCVDMyVBNG5kaWclMjBiZXNzZXIlMjBnZXNjaHVsdGVzJTIwUGVyc29uYWwlMjBlcndlaXRlcnQuJTBBJTNDJTJGcCUzRQ==[\/vc_raw_html][\/vc_column_inner][\/vc_row_inner][\/vc_column][vc_column width=&#8221;1\/6&#8243;][vc_empty_space][\/vc_column][\/vc_row][vc_row el_class=&#8221;margin-bottom-80&#8243; css=&#8221;.vc_custom_1465316264795{background-color: #ffffff !important;}&#8221;][vc_column width=&#8221;1\/6&#8243;][vc_empty_space][\/vc_column][vc_column width=&#8221;2\/3&#8243;][vc_row_inner][vc_column_inner width=&#8221;1\/2&#8243;][vc_wp_text]<\/p>\n<h4><span style=\"color: #ff9700;\">MESSESERVICE<\/span><br \/>\n<span style=\"color: #4b4441;\">Business Catering &amp; Bankett-Service<\/span><\/h4>\n<p style=\"text-align: justify;\">Von der ausschlie\u00dflichen Lebensmittellieferung \u00fcber Aperitif-Buffets bis hin zu luxuri\u00f6sen Festbanketts.<\/p>\n<p>[\/vc_wp_text][\/vc_column_inner][vc_column_inner width=&#8221;1\/2&#8243;][vc_empty_space height=&#8221;22px&#8221;][vc_single_image image=&#8221;1850&#8243; img_size=&#8221;full&#8221; onclick=&#8221;link_image&#8221;][vc_wp_text]<\/p>\n<h4><span style=\"color: #ff9700;\">OPEN BAR \u2022 LUXUSBUFFETS<br \/>\n\u2022 BANKETTS CATERING IN JEDER LOCATION<br \/>\n<\/span><\/h4>\n<p>[\/vc_wp_text][\/vc_column_inner][\/vc_row_inner][vc_row_inner][vc_column_inner width=&#8221;1\/2&#8243;][vc_single_image image=&#8221;1855&#8243; img_size=&#8221;full&#8221; onclick=&#8221;link_image&#8221;][\/vc_column_inner][vc_column_inner width=&#8221;1\/2&#8243; css=&#8221;.vc_custom_1465332326511{padding-left: 40px !important;}&#8221;][vc_wp_text]<\/p>\n<p style=\"text-align: justify;\"><img src=\"http:\/\/sviluppo.studiumdesign.it\/torredijano\/wp-content\/uploads\/2016\/06\/pallinoarancio.jpg\" alt=\"\" \/>\u00a0 \u00a0Business Catering &amp; Bankett-Service<br \/>\n<img src=\"http:\/\/sviluppo.studiumdesign.it\/torredijano\/wp-content\/uploads\/2016\/06\/pallinoarancio.jpg\" alt=\"\" \/>\u00a0 \u00a0Arbeitsfr\u00fchst\u00fcck<br \/>\n<img src=\"http:\/\/sviluppo.studiumdesign.it\/torredijano\/wp-content\/uploads\/2016\/06\/pallinoarancio.jpg\" alt=\"\" \/>\u00a0 \u00a0Brunch<br \/>\n<img src=\"http:\/\/sviluppo.studiumdesign.it\/torredijano\/wp-content\/uploads\/2016\/06\/pallinoarancio.jpg\" alt=\"\" \/>\u00a0 \u00a0Kaffeepause<br \/>\n<img src=\"http:\/\/sviluppo.studiumdesign.it\/torredijano\/wp-content\/uploads\/2016\/06\/pallinoarancio.jpg\" alt=\"\" \/>\u00a0 \u00a0Cocktails<br \/>\n<img src=\"http:\/\/sviluppo.studiumdesign.it\/torredijano\/wp-content\/uploads\/2016\/06\/pallinoarancio.jpg\" alt=\"\" \/>\u00a0 \u00a0Finger Food<br \/>\n<img src=\"http:\/\/sviluppo.studiumdesign.it\/torredijano\/wp-content\/uploads\/2016\/06\/pallinoarancio.jpg\" alt=\"\" \/>\u00a0 \u00a0Open House<br \/>\n<img src=\"http:\/\/sviluppo.studiumdesign.it\/torredijano\/wp-content\/uploads\/2016\/06\/pallinoarancio.jpg\" alt=\"\" \/>\u00a0 \u00a0Vernissagen<br \/>\n<img src=\"http:\/\/sviluppo.studiumdesign.it\/torredijano\/wp-content\/uploads\/2016\/06\/pallinoarancio.jpg\" alt=\"\" \/>\u00a0 \u00a0Gala Dinner<\/p>\n<p>[\/vc_wp_text][\/vc_column_inner][\/vc_row_inner][vc_empty_space height=&#8221;22px&#8221;][vc_tta_accordion style=&#8221;classic&#8221; color=&#8221;white&#8221; c_icon=&#8221;&#8221; active_section=&#8221;345345&#8243; no_fill=&#8221;true&#8221; collapsible_all=&#8221;true&#8221;][vc_tta_section i_icon_wolverine=&#8221;wicon icon-down-open-mini&#8221; add_icon=&#8221;true&#8221; title=&#8221;INFORMATIONEN UND PREISANGEBOTE ANFORDERN&#8221; tab_id=&#8221;1465423784430-39e456fb-c215&#8243; el_class=&#8221;fisarmo&#8221;][vc_raw_html]JTNDcCUyMHN0eWxlJTNEJTIydGV4dC1hbGlnbiUzQWNlbnRlciUzQmZvbnQtc2l6ZSUzQTE2cHglM0Jjb2xvciUzQSUyMzQ2NDM0MiUzQiUyMiUzRSUwQSUzQ3NwYW4lMjBzdHlsZSUzRCUyMmZvbnQtc2l6ZSUzQTM1cHglM0Jjb2xvciUzQSUyMzQ2NDM0MiUzQiUyMiUzRUluZm9ybWF0aW9uZW4lMjB1bmQlMjBQcmVpc2FuZ2Vib3RlJTIwYW5mb3JkZXJuJTNDJTJGc3BhbiUzRSUzQ2JyJTIwJTJGJTNFJTBBQmVudXR6ZW4lMjBTaWUlMjBkaWVzZXMlMjBGb3JtdWxhciUyQyUyMHVtJTIwZGllJTIwZXJzdGVuJTIwQW5nYWJlbiUyMGYlQzMlQkNyJTIwZWluJTIwUHJlaXNhbmdlYm90JTIwenUlMjAlQzMlQkNiZXJzZW5kZW4uJTBBJTNDJTJGcCUzRQ==[\/vc_raw_html][vc_empty_space][vc_row_inner][vc_column_inner width=&#8221;1\/2&#8243; css=&#8221;.vc_custom_1464760823738{margin-left: 30px !important;}&#8221;]<div role=\"form\" class=\"wpcf7\" id=\"wpcf7-f2486-o1\" lang=\"it-IT\" dir=\"ltr\">\n<div class=\"screen-reader-response\"><p role=\"status\" aria-live=\"polite\" aria-atomic=\"true\"><\/p> <ul><\/ul><\/div>\n<form action=\"\/torredijano\/wp-json\/wp\/v2\/pages\/2450#wpcf7-f2486-o1\" method=\"post\" class=\"wpcf7-form init\" novalidate=\"novalidate\" data-status=\"init\">\n<div style=\"display: none;\">\n<input type=\"hidden\" name=\"_wpcf7\" value=\"2486\" \/>\n<input type=\"hidden\" name=\"_wpcf7_version\" value=\"5.5.6\" \/>\n<input type=\"hidden\" name=\"_wpcf7_locale\" value=\"it_IT\" \/>\n<input type=\"hidden\" name=\"_wpcf7_unit_tag\" value=\"wpcf7-f2486-o1\" \/>\n<input type=\"hidden\" name=\"_wpcf7_container_post\" value=\"0\" \/>\n<input type=\"hidden\" name=\"_wpcf7_posted_data_hash\" value=\"\" \/>\n<\/div>\n<table>\n<tr>\n<td>\n<p>Vorname und Nachname *<br \/>\n    <span class=\"wpcf7-form-control-wrap your-name\"><input type=\"text\" name=\"your-name\" value=\"\" size=\"30\" class=\"wpcf7-form-control wpcf7-text wpcf7-validates-as-required\" aria-required=\"true\" aria-invalid=\"false\" \/><\/span> <\/p>\n<\/td>\n<\/tr>\n<tr>\n<td>\n<p>Unternehmen *<br \/>\n    <span class=\"wpcf7-form-control-wrap text-787\"><input type=\"text\" name=\"text-787\" value=\"\" size=\"30\" class=\"wpcf7-form-control wpcf7-text wpcf7-validates-as-required\" aria-required=\"true\" aria-invalid=\"false\" \/><\/span> <\/p>\n<\/td>\n<\/tr>\n<tr>\n<td>\n<p>Telefon *<br \/>\n    <span class=\"wpcf7-form-control-wrap text-313\"><input type=\"text\" name=\"text-313\" value=\"\" size=\"30\" class=\"wpcf7-form-control wpcf7-text wpcf7-validates-as-required\" aria-required=\"true\" aria-invalid=\"false\" \/><\/span> <\/p>\n<\/td>\n<\/tr>\n<tr>\n<td>\n<p>E-Mail *<br \/>\n    <span class=\"wpcf7-form-control-wrap your-email\"><input type=\"email\" name=\"your-email\" value=\"\" size=\"30\" class=\"wpcf7-form-control wpcf7-text wpcf7-email wpcf7-validates-as-required wpcf7-validates-as-email\" aria-required=\"true\" aria-invalid=\"false\" \/><\/span> <\/p>\n<\/td>\n<\/tr>\n<tr>\n<td colspan=\"2\">\n<p>Art der Veranstaltung (Messe, Meeting, Gala-Dinner, usw.) *<br \/>\n   <span class=\"wpcf7-form-control-wrap evento\"><input type=\"text\" name=\"evento\" value=\"\" size=\"40\" class=\"wpcf7-form-control wpcf7-text wpcf7-validates-as-required\" aria-required=\"true\" aria-invalid=\"false\" \/><\/span> <\/p>\n<\/td>\n<\/tr>\n<tr>\n<td>\n<p>Tag *<br \/>\n     <span class=\"wpcf7-form-control-wrap date-513\"><input type=\"date\" name=\"date-513\" value=\"\" class=\"wpcf7-form-control wpcf7-date wpcf7-validates-as-required wpcf7-validates-as-date\" aria-required=\"true\" aria-invalid=\"false\" \/><\/span>\n<\/td>\n<\/tr>\n<tr>\n<td>\nOrt *<br \/>\n    <span class=\"wpcf7-form-control-wrap your-subject\"><input type=\"text\" name=\"your-subject\" value=\"\" size=\"30\" class=\"wpcf7-form-control wpcf7-text\" aria-invalid=\"false\" \/><\/span> <\/p>\n<\/td>\n<\/tr>\n<tr>\n<td colspan=\"2\">\n<p>Mitteilung <br \/>\n    <span class=\"wpcf7-form-control-wrap your-message\"><textarea name=\"your-message\" cols=\"40\" rows=\"10\" class=\"wpcf7-form-control wpcf7-textarea\" aria-invalid=\"false\"><\/textarea><\/span> <\/p>\n<p><span class=\"wpcf7-form-control-wrap acceptance-265\"><span class=\"wpcf7-form-control wpcf7-acceptance\"><span class=\"wpcf7-list-item\"><input type=\"checkbox\" name=\"acceptance-265\" value=\"1\" aria-invalid=\"false\" checked=\"checked\" \/><\/span><\/span><\/span> Datenschutzerkl\u00e4rung\n<\/td>\n<\/tr>\n<tr>\n<td colspan=\"2\">\n<p><input type=\"submit\" value=\"Senden\" class=\"wpcf7-form-control has-spinner wpcf7-submit\" \/><\/p>\n<\/td>\n<\/tr>\n<\/table>\n<div class=\"wpcf7-response-output\" aria-hidden=\"true\"><\/div><\/form><\/div>[\/vc_column_inner][vc_column_inner width=&#8221;1\/2&#8243; css=&#8221;.vc_custom_1465333936665{padding-left: 150px !important;}&#8221;][vc_raw_html]JTNDaW1nJTIwc3JjJTNEJTIyaHR0cCUzQSUyRiUyRnd3dy50b3JyZWRpamFuby5pdCUyRnRvcnJlZGlqYW5vJTJGd3AtY29udGVudCUyRnVwbG9hZHMlMkYyMDE2JTJGMDYlMkZmb3Jtc2Vydml6aS5wbmclMjIlMjBzdHlsZSUzRCUyMmhlaWdodCUzQTEyOXB4JTNCJTIyJTIwJTJGJTNFJTNDYnIlMjAlMkYlM0UlM0NiciUyMCUyRiUzRSUwQSUzQ3AlMjBzdHlsZSUzRCUyMmZvbnQtc2l6ZSUzQTE0cHglM0IlMjIlM0UlMEFWaWElMjBKYW5vJTJDJTIwMjMlM0NiciUyMCUyRiUzRSUwQTQwMDM3JTIwU2Fzc28lMjBNYXJjb25pJTIwQm9sb2duYSUyMEl0YWx5JTNDYnIlMjAlMkYlM0UlM0NiciUyMCUyRiUzRSUwQVRlbC4lMjBlJTIwRmF4JTIwJTJCMzklMjAwNTElMjA4NDEyMTElM0NiciUyMCUyRiUzRSUwQUNlbGwuJTIwJTJCMzklMjAzMzUlMjA3MDEyNjYzJTNDYnIlMjAlMkYlM0UlMEFFbWFpbCUyMCUzQ2ElMjBocmVmJTNEJTIybWFpbHRvJTNBaW5mbyU0MHRvcnJlZGlqYW5vLml0JTIyJTNFaW5mbyU0MHRvcnJlZGlqYW5vLml0JTNDJTJGYSUzRSUwQSUzQyUyRnAlM0U=[\/vc_raw_html][\/vc_column_inner][\/vc_row_inner][\/vc_tta_section][\/vc_tta_accordion][\/vc_column][vc_column width=&#8221;1\/6&#8243;][vc_empty_space][\/vc_column][\/vc_row]<\/p>\n","protected":false},"excerpt":{"rendered":"<p>[vc_row][vc_column][vc_single_image image=&#8221;3124&#8243; img_size=&#8221;full&#8221; alignment=&#8221;center&#8221;][\/vc_column][\/vc_row][vc_row el_class=&#8221;margin-bottom-100 margin-top-10 no-padding-vc no-margin-vc&#8221;][vc_column width=&#8221;1\/4&#8243; css=&#8221;.vc_custom_1464731281468{margin-top: 0px !important;margin-right: 0px !important;margin-bottom: 0px !important;margin-left: 0px !important;border-top-width: 0px !important;border-right-width: 0px !important;border-bottom-width: 0px !important;border-left-width: 0px !important;padding-top: 0px !important;padding-right: 0px !important;padding-bottom: 0px !important;padding-left: 0px !important;background-position: center !important;background-repeat: no-repeat !important;background-size: cover !important;}&#8221;][vc_wp_text][\/vc_wp_text][\/vc_column][vc_column width=&#8221;1\/4&#8243; css=&#8221;.vc_custom_1464731343641{margin-top: 0px !important;margin-right: 0px !important;margin-bottom: 0px !important;margin-left: 0px !important;border-top-width: 0px !important;border-right-width: 0px !important;border-bottom-width: 0px [&hellip;]<\/p>\n","protected":false},"author":1,"featured_media":0,"parent":0,"menu_order":0,"comment_status":"closed","ping_status":"closed","template":"","meta":[],"_links":{"self":[{"href":"https:\/\/www.torredijano.it\/torredijano\/wp-json\/wp\/v2\/pages\/2450"}],"collection":[{"href":"https:\/\/www.torredijano.it\/torredijano\/wp-json\/wp\/v2\/pages"}],"about":[{"href":"https:\/\/www.torredijano.it\/torredijano\/wp-json\/wp\/v2\/types\/page"}],"author":[{"embeddable":true,"href":"https:\/\/www.torredijano.it\/torredijano\/wp-json\/wp\/v2\/users\/1"}],"replies":[{"embeddable":true,"href":"https:\/\/www.torredijano.it\/torredijano\/wp-json\/wp\/v2\/comments?post=2450"}],"version-history":[{"count":9,"href":"https:\/\/www.torredijano.it\/torredijano\/wp-json\/wp\/v2\/pages\/2450\/revisions"}],"predecessor-version":[{"id":3528,"href":"https:\/\/www.torredijano.it\/torredijano\/wp-json\/wp\/v2\/pages\/2450\/revisions\/3528"}],"wp:attachment":[{"href":"https:\/\/www.torredijano.it\/torredijano\/wp-json\/wp\/v2\/media?parent=2450"}],"curies":[{"name":"wp","href":"https:\/\/api.w.org\/{rel}","templated":true}]}}